{"id":97,"date":"2017-05-03T08:33:19","date_gmt":"2017-05-03T07:33:19","guid":{"rendered":"http:\/\/www.femciutatvella.com\/?page_id=97"},"modified":"2017-05-21T12:36:15","modified_gmt":"2017-05-21T10:36:15","slug":"avisol-legal","status":"publish","type":"page","link":"http:\/\/www.femciutatvella.com\/ca\/avisol-legal\/","title":{"rendered":"Av\u00eds Legal"},"content":{"rendered":"<p><u>Objectius de la recollida de dades<\/u><\/p>\n<p>D&#8217;acord amb l&#8217;article 5 de la LOPD, s&#8217;informa a l&#8217;usuari que les seves dades seran incorporades a fitxers en que el seu responsable \u00e9s Fem Ciutat Vella, amb la finalitat de gestionar la p\u00e0gina web aix\u00ed com de tramitar els dubtes, consultes i inscripcions.<\/p>\n<p>Quan es demani que s&#8217;empleni un formulari en el qual es recullin dades de car\u00e0cter personal, s&#8217;informar\u00e0 a l&#8217;usuari de la finalitat del tractament, de la identitat i adre\u00e7a del responsable del fitxer, dels destinataris de la informaci\u00f3 i de la possibilitat del titular de les dades d&#8217;exercir els drets d&#8217;acc\u00e9s, rectificaci\u00f3, cancel\u00b7laci\u00f3 i oposici\u00f3 al tractament de les seves dades.<\/p>\n<p>Al mateix temps, els usuaris autoritzen expressament a Fem Ciutat Vella a enviar-los informaci\u00f3 via electr\u00f2nica, respecte de novetats en l&#8217;\u00e0mbit dels productes i serveis prestats per la mateixa; en el cas que no desitgin rebre l&#8217;esmentada informaci\u00f3 n&#8217;hi haur\u00e0 prou amb notificar-ho via correu electr\u00f2nic a contacte@femciutatvella.com en qualsevol moment.<\/p>\n<p><u>Veracitat i actualitzaci\u00f3 de les dades<\/u><\/p>\n<p>L&#8217;usuari haur\u00e0 d&#8217;omplir els formularis amb dades veritables, exactes, completes i actuals. En el cas que l&#8217;usuari introdueixi dades corresponents a una altra persona, s&#8217;entendr\u00e0 que t\u00e9 consentiment expr\u00e9s per a aix\u00f2 d&#8217;aquesta persona, i que aquesta ens atorga autoritzaci\u00f3 per realitzar el tractament descrit. L&#8217;usuari ser\u00e0 l&#8217;\u00fanic responsable de qualsevol dany o perjudici, directe o indirecte que pogu\u00e9s ocasionar a qualsevol persona a causa de l&#8217;emplenament del formulari amb dades falses, inexactes, incompletes o no actualitzades.<\/p>\n<p>L&#8217;usuari ha de comunicar qualsevol modificaci\u00f3 en les dades proporcionades per tal de mantenir les dades degudament actualitzades.<\/p>","protected":false},"excerpt":{"rendered":"<p>Objectius de la recollida de dades D&#8217;acord amb l&#8217;article 5 de la LOPD, s&#8217;informa a l&#8217;usuari que les seves dades seran incorporades a fitxers en que el seu responsable \u00e9s Fem Ciutat Vella, amb la finalitat de gestionar la p\u00e0gina web aix\u00ed com de tramitar els dubtes, consultes i inscripcions. Quan es demani que s&#8217;empleni&#8230; <\/p>\n","protected":false},"author":1,"featured_media":0,"parent":0,"menu_order":0,"comment_status":"closed","ping_status":"closed","template":"full-width.php","meta":{"footnotes":""},"class_list":["post-97","page","type-page","status-publish","hentry"],"_links":{"self":[{"href":"http:\/\/www.femciutatvella.com\/ca\/wp-json\/wp\/v2\/pages\/97","targetHints":{"allow":["GET"]}}],"collection":[{"href":"http:\/\/www.femciutatvella.com\/ca\/wp-json\/wp\/v2\/pages"}],"about":[{"href":"http:\/\/www.femciutatvella.com\/ca\/wp-json\/wp\/v2\/types\/page"}],"author":[{"embeddable":true,"href":"http:\/\/www.femciutatvella.com\/ca\/wp-json\/wp\/v2\/users\/1"}],"replies":[{"embeddable":true,"href":"http:\/\/www.femciutatvella.com\/ca\/wp-json\/wp\/v2\/comments?post=97"}],"version-history":[{"count":3,"href":"http:\/\/www.femciutatvella.com\/ca\/wp-json\/wp\/v2\/pages\/97\/revisions"}],"predecessor-version":[{"id":234,"href":"http:\/\/www.femciutatvella.com\/ca\/wp-json\/wp\/v2\/pages\/97\/revisions\/234"}],"wp:attachment":[{"href":"http:\/\/www.femciutatvella.com\/ca\/wp-json\/wp\/v2\/media?parent=97"}],"curies":[{"name":"wp","href":"https:\/\/api.w.org\/{rel}","templated":true}]}}