{"id":18,"date":"2017-02-10T18:27:23","date_gmt":"2017-02-10T17:27:23","guid":{"rendered":"http:\/\/www.femciutatvella.com\/?page_id=18"},"modified":"2017-05-17T14:10:48","modified_gmt":"2017-05-17T12:10:48","slug":"links","status":"publish","type":"page","link":"https:\/\/www.femciutatvella.com\/ca\/links\/","title":{"rendered":"LINKS"},"content":{"rendered":"<p><u>LINKS D&#8217;INTER\u00c8S<\/u><\/p>\n<p>Ajuntament de Barcelona\u00a0 <a href=\"http:\/\/ajuntament.barcelona.cat\/ca\/\" target=\"_blank\" rel=\"noopener noreferrer\">http:\/\/ajuntament.barcelona.cat\/ca\/<\/a><\/p>\n<p>FAVB -Federaci\u00f3 D&#8217;Associacions de Ve\u00efns i Ve\u00efnes de Barcelona\u00a0 <a href=\"http:\/\/www.favb.cat\/\" target=\"_blank\" rel=\"noopener noreferrer\">http:\/\/www.favb.cat\/<\/a><\/p>\n<p>Servei\u00a0 Educatiu de Ciutat Vella\u00a0 <a href=\"https:\/\/www.seciutatvella.cat\/\" target=\"_blank\" rel=\"noopener noreferrer\">https:\/\/www.seciutatvella.cat\/<\/a><\/p>\n<p>Associaci\u00f3 ve\u00efns\u00a0 Barri G\u00f3tic <a href=\"http:\/\/avbarrigotic.blogspot.com.es\/\" target=\"_blank\" rel=\"noopener noreferrer\">http:\/\/avbarrigotic.blogspot.com.es\/<\/a><\/p>\n<p>Amics de la Rambla <a href=\"https:\/\/www.amicsdelarambla.cat\/\" target=\"_blank\" rel=\"noopener noreferrer\">https:\/\/www.amicsdelarambla.cat\/<\/a><\/p>\n<p><a href=\"http:\/\/www.ramblejant.com\/\" target=\"_blank\" rel=\"noopener noreferrer\">http:\/\/www.ramblejant.com\/<\/a><\/p>\n<p>Barceloneta:\u00a0 <a href=\"mailto:associacioveinsbarceloneta@gmail.com\">associacioveinsbarceloneta@gmail.com<\/a><\/p>\n<p>L&#8217;\u00d2stia: <a href=\"https:\/\/labarcelonetarebel.wordpress.com\/\" target=\"_blank\" rel=\"noopener noreferrer\">https:\/\/labarcelonetarebel.wordpress.com\/<\/a><\/p>\n<p>Casc Antic.: \u00a0\u00a0<a href=\"mailto:sosicascantic@yahoo.es\">sosicascantic@yahoo.es<\/a><\/p>\n<p>El Raval: <a href=\"http:\/\/www.associaciodeveinsdelraval.es\/\" target=\"_blank\" rel=\"noopener noreferrer\">http:\/\/www.associaciodeveinsdelraval.es\/<\/a><\/p>\n<p>ABTS Assemblea de barris \u00a0\u00a0<a href=\"https:\/\/assembleabarris.wordpress.com\/\" target=\"_blank\" rel=\"noopener noreferrer\">https:\/\/assembleabarris.wordpress.com\/<\/a><\/p>\n<p>Taula Ve\u00efnal d\u2019Urbanisme de Barcelona<\/p>\n<p>CONFAVC\u00a0\u00a0 Confederaci\u00f3 d\u2019Associacions Ve\u00efnals de Catalunya\u00a0 \u00a0<a href=\"http:\/\/confavc.cat\/\" target=\"_blank\" rel=\"noopener noreferrer\">http:\/\/confavc.cat\/<\/a><\/p>\n<p>Assemblea \u00a0Barris per un Turisme Sostenible (ABTS) \u00a0<a href=\"https:\/\/assembleabarris.wordpress.com\/\" target=\"_blank\" rel=\"noopener noreferrer\">https:\/\/assembleabarris.wordpress.com\/<\/a><\/p>\n<p>Grup Promotor del Sindicat de Llogateres i Llogaters<\/p>\n<p>Ecologistes en Acci\u00f3 de Barcelona <a href=\"https:\/\/www.ecologistasenaccion.org\/rubrique300.html\" target=\"_blank\" rel=\"noopener noreferrer\">https:\/\/www.ecologistasenaccion.org\/rubrique300.html<\/a><\/p>\n<p>Consell d&#8217;Associacions de Barcelona (CAB)\u00a0\u00a0\u00a0 <a href=\"http:\/\/www.cab.cat\/\" target=\"_blank\" rel=\"noopener noreferrer\">http:\/\/www.cab.cat\/<\/a><\/p>\n<p>Federaci\u00f3 Catalana de Drogodepend\u00e8ncies\u00a0\u00a0\u00a0 <a href=\"http:\/\/www.fcd.cat\/\" target=\"_blank\" rel=\"noopener noreferrer\">http:\/\/www.fcd.cat\/<\/a><\/p>\n<p>Observatori DESC \u00a0\u00a0\u00a0<a href=\"http:\/\/observatoridesc.org\/es\" target=\"_blank\" rel=\"noopener noreferrer\">http:\/\/observatoridesc.org\/es<\/a><\/p>\n<p>SOS Racisme Catalunya \u00a0\u00a0\u00a0\u00a0\u00a0<a href=\"http:\/\/www.sosracisme.org\/\" target=\"_blank\" rel=\"noopener noreferrer\">http:\/\/www.sosracisme.org\/<\/a><\/p>","protected":false},"excerpt":{"rendered":"<p>LINKS D&#8217;INTER\u00c8S Ajuntament de Barcelona\u00a0 http:\/\/ajuntament.barcelona.cat\/ca\/ FAVB -Federaci\u00f3 D&#8217;Associacions de Ve\u00efns i Ve\u00efnes de Barcelona\u00a0 http:\/\/www.favb.cat\/ Servei\u00a0 Educatiu de Ciutat Vella\u00a0 https:\/\/www.seciutatvella.cat\/ Associaci\u00f3 ve\u00efns\u00a0 Barri G\u00f3tic http:\/\/avbarrigotic.blogspot.com.es\/ Amics de la Rambla https:\/\/www.amicsdelarambla.cat\/ http:\/\/www.ramblejant.com\/ Barceloneta:\u00a0 associacioveinsbarceloneta@gmail.com L&#8217;\u00d2stia: https:\/\/labarcelonetarebel.wordpress.com\/ Casc Antic.: \u00a0\u00a0sosicascantic@yahoo.es El Raval: http:\/\/www.associaciodeveinsdelraval.es\/ ABTS Assemblea de barris \u00a0\u00a0https:\/\/assembleabarris.wordpress.com\/ Taula Ve\u00efnal d\u2019Urbanisme de Barcelona CONFAVC\u00a0\u00a0 Confederaci\u00f3&#8230; <\/p>\n","protected":false},"author":1,"featured_media":0,"parent":0,"menu_order":0,"comment_status":"closed","ping_status":"closed","template":"full-width.php","meta":{"footnotes":""},"class_list":["post-18","page","type-page","status-publish","hentry"],"_links":{"self":[{"href":"https:\/\/www.femciutatvella.com\/ca\/wp-json\/wp\/v2\/pages\/18","targetHints":{"allow":["GET"]}}],"collection":[{"href":"https:\/\/www.femciutatvella.com\/ca\/wp-json\/wp\/v2\/pages"}],"about":[{"href":"https:\/\/www.femciutatvella.com\/ca\/wp-json\/wp\/v2\/types\/page"}],"author":[{"embeddable":true,"href":"https:\/\/www.femciutatvella.com\/ca\/wp-json\/wp\/v2\/users\/1"}],"replies":[{"embeddable":true,"href":"https:\/\/www.femciutatvella.com\/ca\/wp-json\/wp\/v2\/comments?post=18"}],"version-history":[{"count":4,"href":"https:\/\/www.femciutatvella.com\/ca\/wp-json\/wp\/v2\/pages\/18\/revisions"}],"predecessor-version":[{"id":207,"href":"https:\/\/www.femciutatvella.com\/ca\/wp-json\/wp\/v2\/pages\/18\/revisions\/207"}],"wp:attachment":[{"href":"https:\/\/www.femciutatvella.com\/ca\/wp-json\/wp\/v2\/media?parent=18"}],"curies":[{"name":"wp","href":"https:\/\/api.w.org\/{rel}","templated":true}]}}