{"id":2,"date":"2016-07-28T07:29:31","date_gmt":"2016-07-28T07:29:31","guid":{"rendered":"http:\/\/www.femciutatvella.com\/?page_id=2"},"modified":"2017-05-03T08:48:25","modified_gmt":"2017-05-03T07:48:25","slug":"pagina-ejemplo","status":"publish","type":"page","link":"https:\/\/www.femciutatvella.com\/ca\/pagina-ejemplo\/","title":{"rendered":"QUI SOM"},"content":{"rendered":"<p>Fem Ciutat Vella \u00e9s una plataforma online que serveix de portal d&#8217;enlla\u00e7 entre associacions ve\u00efnals, plataformes socials, tot tipus d&#8217;organitzacions i ciutadans a t\u00edtol particular i les entitats pol\u00edtiques, institucions i organismes oficials per a l&#8217;expressi\u00f3 d&#8217;un conjunt de reivindicacions, exig\u00e8ncies, sol\u00b7licituds i necessitats perqu\u00e8 Siguin ateses.<\/p>\n<p>La missi\u00f3 de Fem Ciutat Vella es enfortir el vincle de tots els actors del districte de Ciutat Vella amb la intenci\u00f3 de crear una cultura de millora cont\u00ednua de les seves relacions, la coordinaci\u00f3 i seguiment dels projectes en el districte, la posada en marxa de tota les mesures necess\u00e0ries per assolir el m\u00e0xim benestar aportant els elements i criteris que es consideri suposen aquesta millora cont\u00ednua i assenyalant tot all\u00f2 que interfereixi en el desenvolupament del dia a dia en el nostre districte.<\/p>\n<p>Des Fem Ciutat Vella sol\u00b7licitem tu Col\u00b7laboraci\u00f3. Amb tu ho aconseguiren.<\/p>\n<p>T&#8217;esperem.<\/p>\n<p>Benvingut.<\/p>\n<p>Fem Ciutat Vella<\/p>","protected":false},"excerpt":{"rendered":"<p>Fem Ciutat Vella \u00e9s una plataforma online que serveix de portal d&#8217;enlla\u00e7 entre associacions ve\u00efnals, plataformes socials, tot tipus d&#8217;organitzacions i ciutadans a t\u00edtol particular i les entitats pol\u00edtiques, institucions i organismes oficials per a l&#8217;expressi\u00f3 d&#8217;un conjunt de reivindicacions, exig\u00e8ncies, sol\u00b7licituds i necessitats perqu\u00e8 Siguin ateses. La missi\u00f3 de Fem Ciutat Vella es enfortir&#8230; <\/p>\n","protected":false},"author":1,"featured_media":0,"parent":0,"menu_order":0,"comment_status":"closed","ping_status":"closed","template":"full-width.php","meta":{"footnotes":""},"class_list":["post-2","page","type-page","status-publish","hentry"],"_links":{"self":[{"href":"https:\/\/www.femciutatvella.com\/ca\/wp-json\/wp\/v2\/pages\/2","targetHints":{"allow":["GET"]}}],"collection":[{"href":"https:\/\/www.femciutatvella.com\/ca\/wp-json\/wp\/v2\/pages"}],"about":[{"href":"https:\/\/www.femciutatvella.com\/ca\/wp-json\/wp\/v2\/types\/page"}],"author":[{"embeddable":true,"href":"https:\/\/www.femciutatvella.com\/ca\/wp-json\/wp\/v2\/users\/1"}],"replies":[{"embeddable":true,"href":"https:\/\/www.femciutatvella.com\/ca\/wp-json\/wp\/v2\/comments?post=2"}],"version-history":[{"count":6,"href":"https:\/\/www.femciutatvella.com\/ca\/wp-json\/wp\/v2\/pages\/2\/revisions"}],"predecessor-version":[{"id":117,"href":"https:\/\/www.femciutatvella.com\/ca\/wp-json\/wp\/v2\/pages\/2\/revisions\/117"}],"wp:attachment":[{"href":"https:\/\/www.femciutatvella.com\/ca\/wp-json\/wp\/v2\/media?parent=2"}],"curies":[{"name":"wp","href":"https:\/\/api.w.org\/{rel}","templated":true}]}}