{"id":46,"date":"2017-02-10T19:00:09","date_gmt":"2017-02-10T18:00:09","guid":{"rendered":"http:\/\/www.femciutatvella.com\/?page_id=46"},"modified":"2017-05-30T23:30:08","modified_gmt":"2017-05-30T21:30:08","slug":"contribuyente","status":"publish","type":"page","link":"https:\/\/www.femciutatvella.com\/ca\/contribuyente\/","title":{"rendered":"Participa i contribueix"},"content":{"rendered":"<p>No et\u00a0quedis en la cr\u00edtica.<strong><span style=\"color: #ff0000;\"> <a style=\"color: #ff0000;\" href=\"http:\/\/www.femciutatvella.com\/contacto\/\">Envia<\/a><\/span><\/strong> el teu an\u00e0lisi i proposta de millora.<\/p>\n<p>Descarrega <strong><span style=\"color: #ff0000;\"><a style=\"color: #ff0000;\" href=\"http:\/\/www.femciutatvella.com\/descarregues\/Bases%20de%20participaci%C3%B3%20Fem%20Ciutat%20Vella.pdf\" target=\"_blank\" rel=\"noopener noreferrer\">Bases de participaci\u00f3<\/a><\/span><\/strong> i\/o <strong><span style=\"color: #ff0000;\"><a style=\"color: #ff0000;\" href=\"http:\/\/www.femciutatvella.com\/descarregues\/Guia%20para%20la%20creacion%20Anteproyecto%20Fem%20Ciutat%20Vella.pdf\" target=\"_blank\" rel=\"noopener noreferrer\">Guia per a la creaci\u00f3 d&#8217;un avantprojecte<\/a><\/span><\/strong> en format pdf.<\/p>\n<hr \/>\n<p style=\"text-align: center;\"><strong><u>Bases per a la presentaci\u00f3 de projectes<\/u><\/strong><\/p>\n<p style=\"text-align: justify;\"><strong><u>a. Qui pot participar:<\/u><\/strong><\/p>\n<p style=\"text-align: justify;\"><strong>Qualsevol persona (f\u00edsica o jur\u00eddica) que consideri proposar la seva idea de projecte enfocada a solucionar o millorar algun aspecte relatiu a la qualitat de vida de les persones a partir de la reutilitzaci\u00f3 de les dades publicades per institucions (ajuntaments, governs aut\u00f2noms, govern central &#8230; ) i entitats en formats oberts i reutilitzables.<\/strong><\/p>\n<p style=\"text-align: justify;\"><strong>Tamb\u00e9 seran d&#8217;acceptaci\u00f3 tots aquells projectes que, no tendint com a base la utilitzaci\u00f3 de les dades publicades per l&#8217;ajuntament, constitueixin una innovaci\u00f3 no prevista en les dades publicades anteriorment citats i compleixin amb l&#8217;objectiu i requisits de Fem Ciutat Vella.<\/strong><\/p>\n<p style=\"text-align: justify;\"><strong><u>b. Condicions de participaci\u00f3.<\/u><\/strong><\/p>\n<p style=\"text-align: justify; padding-left: 60px;\"><strong>b.1. En el cas de persones f\u00edsiques, han de ser majors d&#8217;edat.<\/strong><\/p>\n<p style=\"text-align: justify; padding-left: 60px;\"><strong>Les persones jur\u00eddiques i associacions han d&#8217;acreditar la participaci\u00f3 d&#8217;una persona f\u00edsica que els representi (escrit d&#8217;acreditaci\u00f3 expedit per l&#8217;\u00f2rgan de direcci\u00f3 de l&#8217;empresa que correspongui).<\/strong><\/p>\n<p style=\"text-align: justify; padding-left: 60px;\"><strong>b.2. La inscripci\u00f3 \u00e9s d&#8217;obligat compliment i es far\u00e0 efectiva mitjan\u00e7ant el formulari disponible al web del projecte.<\/strong><\/p>\n<p style=\"text-align: justify; padding-left: 60px;\"><strong>Les persones inscrites a l&#8217;esdeveniment s&#8217;identificaran com a creadores del projecte que presenten.<\/strong><\/p>\n<p style=\"text-align: justify; padding-left: 60px;\"><strong>b.3. Fem Ciutat Vella garanteix l&#8217;\u00fas adequat del projecte d&#8217;acord amb l&#8217;objectiu indicat comunicant al creador la destinaci\u00f3 del mateix.<\/strong><\/p>\n<p style=\"text-align: justify;\"><strong><u>c. Obligacions i responsabilitats generals del participant.<\/u><\/strong><\/p>\n<p style=\"text-align: justify; padding-left: 60px;\"><strong>c.1. La presentaci\u00f3 d&#8217;un projecte implica l&#8217;acceptaci\u00f3, sense reserva, de les bases de participaci\u00f3.<\/strong><\/p>\n<p style=\"text-align: justify; padding-left: 60px;\"><strong>Aix\u00ed mateix, els participants accepten la pol\u00edtica de privacitat i protecci\u00f3 de dades de Fem Ciutat Vella, posada a la seva disposici\u00f3 a la pr\u00f2pia web.<\/strong><\/p>\n<p style=\"text-align: justify; padding-left: 60px;\"><strong>c.2. Els participants s&#8217;obliguen expressament a garantir l&#8217;exactitud i veracitat de les dades que facilitin, ja sigui en el formulari de contacte o en qualsevol altre tipus de documentaci\u00f3 que els sigui requerida per l&#8217;organitzaci\u00f3.<\/strong><\/p>\n<p style=\"text-align: justify; padding-left: 60px;\"><strong>La falsedat de qualsevol tipus de dada, o l&#8217;incompliment de qualsevol dels requisits assenyalats en les presents bases, ser\u00e0 causa suficient per al rebuig del projecte presentat.<\/strong><\/p>\n<p style=\"text-align: justify;\"><strong><u>d. Obligacions de Fem Ciutat Vella.<\/u><\/strong><\/p>\n<p style=\"text-align: justify; padding-left: 60px;\"><strong>d.1. Fem Ciutat Vella es compromet a valorar degudament els projectes presentats, aix\u00ed com a informar els participants, per les vies que es determinin, de la valoraci\u00f3 dels mateixos.<\/strong><\/p>\n<p style=\"text-align: justify; padding-left: 60px;\"><strong>d.2. No obstant aix\u00f2, en cas que l&#8217;organitzaci\u00f3 estimi una evident falta de qualitat en els projectes presentats, podr\u00e0 declarar no presentable o donar les corresponents instruccions per a l&#8217;adequaci\u00f3 del projecte.<\/strong><\/p>\n<p style=\"text-align: justify;\"><strong><u>e. Criteris de valoraci\u00f3, selecci\u00f3 i exclusi\u00f3<\/u>.<\/strong><\/p>\n<p style=\"text-align: justify; padding-left: 30px;\"><strong>Els criteris de valoraci\u00f3, selecci\u00f3 i exclusi\u00f3 dels projectes s\u00f3n els que s&#8217;exposen a continuaci\u00f3:<\/strong><\/p>\n<p style=\"text-align: justify; padding-left: 60px;\"><strong>e.1. Qualitat o rellev\u00e0ncia del projecte.<\/strong><\/p>\n<p style=\"text-align: justify; padding-left: 60px;\"><strong>e.2. El potencial de millora de la qualitat de vida que per a la societat en general i per a l&#8217;\u00e0rea en particular suposi.<\/strong><\/p>\n<p style=\"text-align: justify; padding-left: 60px;\"><strong>e.3. La posada en marxa i execuci\u00f3 del projecte<\/strong><\/p>\n<p style=\"text-align: justify; padding-left: 60px;\"><strong>e.4. Impacte econ\u00f2mic. Es requereix que el projecte vagi acompanyat de l&#8217;informe econ\u00f2mic corresponent, si cal, per a l&#8217;estudi de la seva viabilitat.<\/strong><\/p>\n<p style=\"text-align: justify; padding-left: 30px;\"><strong>Fem Ciutat Vella es reserva el dret a excloure del concurs a aquells projectes que incorrin en l&#8217;incompliment d&#8217;algun dels requisits expressats en les presents bases.<\/strong><\/p>\n<p style=\"text-align: justify;\"><strong><u>f. Drets de la propietat intel\u00b7lectual.<\/u><\/strong><\/p>\n<p style=\"text-align: justify; padding-left: 60px;\"><strong>f.1. Protecci\u00f3 de la propietat intel\u00b7lectual<\/strong><\/p>\n<p style=\"text-align: justify; padding-left: 30px;\"><strong>\u25aa Tot projecte haur\u00e0 de contemplar que l&#8217;\u00fas de les dades i informaci\u00f3 continguts en el mateixos no suposi una vulneraci\u00f3 de la propietat intel\u00b7lectual, industrial o de drets de qualsevol tipus de tercers.<\/strong><\/p>\n<p style=\"text-align: justify; padding-left: 60px;\"><strong>f.2. Titularitat dels projectes presentats<\/strong><\/p>\n<p style=\"text-align: justify; padding-left: 30px;\"><strong>\u25aa La titularitat de cada un dels projectes presentats correspon a les persones o entitat jur\u00eddica declarades com a autors en el formulari de contacte emplenat, llevat que per ren\u00fancia expressa cedeixi la titularitat del projecte a Fem Ciutat Vella i sempre que aquesta accepti la cessi\u00f3.<\/strong><\/p>\n<p style=\"text-align: justify; padding-left: 60px;\"><strong>f.3. Publicitat i difusi\u00f3 dels projectes.<\/strong><\/p>\n<p style=\"text-align: justify; padding-left: 30px;\"><strong>\u25aa Els participants declaren con\u00e8ixer i acceptar el fet que Fem Ciutat Vella podr\u00e0 difondre informaci\u00f3 sobre les idees presentades a la web, aix\u00ed com a trav\u00e9s d&#8217;altres mitjans que es considerin oportuns per donar a con\u00e8ixer la seva iniciativa.<\/strong><\/p>\n<p style=\"text-align: justify; padding-left: 30px;\"><strong>\u25aa Els participants podran delimitar la informaci\u00f3 que desitgen que no sigui difosa per cap dels mitjans anteriorment enumerats. La comunicaci\u00f3 d&#8217;aquestes restriccions s&#8217;haur\u00e0 de fer pr\u00e8viament a l&#8217;enviament del projecte.<\/strong><\/p>\n<p style=\"text-align: justify; padding-left: 30px;\"><strong>\u25aa No obstant aix\u00f2, els participants conservaran intacta l&#8217;autoria i \/ o titularitat dels projectes presentats, sense que hi hagi entendre en cap cas que la seva publicaci\u00f3 i \/ o difusi\u00f3 per part de l&#8217;organitzaci\u00f3 impliqui ren\u00fancia, cessi\u00f3 i \/ o transmissi\u00f3 dels seus drets.<\/strong><\/p>\n<hr \/>\n<p style=\"text-align: center;\"><strong><u>AVANTPROJECTE<\/u><\/strong><\/p>\n<p style=\"text-align: justify;\"><strong>\u00c9s la forma preliminar d&#8217;un projecte per a la revisi\u00f3 i autoritzaci\u00f3, que un cop sigui autoritzat, adopta el car\u00e0cter de projecte. Per realitzar un avantprojecte s&#8217;han de tenir en compte els seg\u00fcents passos:<\/strong><\/p>\n<p style=\"text-align: justify;\"><strong>T\u00cdTOL: nom o denominaci\u00f3 que es d\u00f3na al projecte.<\/strong><\/p>\n<p style=\"text-align: justify;\"><strong>ANTECEDENTS: descripci\u00f3 de la forma en qu\u00e8 est\u00e0 o funciona l&#8217;assumpte objecte d&#8217;estudi, a l&#8217;\u00e0rea triada per a l&#8217;aplicaci\u00f3 del projecte. Es recullen tots els antecedents que ha tingut l&#8217;assumpte objecte d&#8217;estudi abans de la seva investigaci\u00f3.<\/strong><\/p>\n<p style=\"text-align: justify;\"><strong>DEFINICI\u00d3 DEL PROBLEMA: es tracta d&#8217;analitzar i establir la idea (tema \/ problema a tractar) de manera clara, el nivell de profunditat, el per\u00edode i centrar-se en el tema objecte d&#8217;estudi o recerca, per evitar desviar en tractar un tema un ampli .<\/strong><\/p>\n<p style=\"text-align: justify;\"><strong>JUSTIFICACI\u00d3: fonamentaci\u00f3 de les raons del per que \u00e9s important i transcendent a la realitzaci\u00f3 del projecte, destacant els beneficis que s&#8217;obtindran en ser solucionat el problema.<\/strong><\/p>\n<p style=\"text-align: justify;\"><strong>OBJECTIUS: deixar clarament establert que \u00e9s el que es pret\u00e9n aconseguir o que \u00e9s el que es va a obtenir amb el desenvolupament del projecte. Si l&#8217;objectiu del projecte \u00e9s molt general conv\u00e9 llavors dividir-lo en objectius espec\u00edfics.<\/strong><\/p>\n<p style=\"text-align: justify;\"><strong>ALCANCES I LIMITACIONS: l&#8217;abast defineix l&#8217;\u00e0rea a o lloc en concret on s&#8217;apliqu\u00e9s el projecte, mentre que la limitaci\u00f3 defineix dins d&#8217;aquest lloc, la funci\u00f3 espec\u00edfica de l&#8217;activitat a realitzar.<\/strong><\/p>\n<p style=\"text-align: justify;\"><strong>PROCEDIMENT: \u00e9s la forma com realitzarem les activitats a seguir d&#8217;acord a l&#8217;objectiu ja descrit, en altres paraules, s\u00f3n la s\u00e8rie de passos o la seq\u00fc\u00e8ncia l\u00f2gica d&#8217;activitats per a aconseguir la comesa (objectius).<\/strong><\/p>\n<p style=\"text-align: justify;\"><strong>DESCRIPCI\u00d3 DE LES ACTIVITATS: presenta una explicaci\u00f3 global de les activitats seleccionades en el procediment.<\/strong><\/p>\n<p style=\"text-align: justify;\"><strong>CRONOGRAMA: Consisteix en delimitar el temps que ha de comprendre cadascuna de les activitats per al desenvolupament del projecte, aix\u00ed com la de la data aproximada en qu\u00e8 conclour\u00e0.<\/strong><\/p>\n<p style=\"text-align: justify;\"><strong>PRESSUPOST: \u00c9s el c\u00e0lcul aproximat del cost que demanen els recursos implicats en el projecte, fent refer\u00e8ncia de qui de qui aport\u00e9s el cost del mateix.<\/strong><\/p>\n<p style=\"text-align: justify;\"><strong>BIBLIOGRAFIA: Determinaci\u00f3 de les fonts consultades per al desenvolupament del projecte: llibres, articles de revistes etc. Millor quan m\u00e9s actualitzades.<\/strong><\/p>\n<p><\/p>","protected":false},"excerpt":{"rendered":"<p>No et\u00a0quedis en la cr\u00edtica. Envia el teu an\u00e0lisi i proposta de millora. Descarrega Bases de participaci\u00f3 i\/o Guia per a la creaci\u00f3 d&#8217;un avantprojecte en format pdf. Bases per a la presentaci\u00f3 de projectes a. Qui pot participar: Qualsevol persona (f\u00edsica o jur\u00eddica) que consideri proposar la seva idea de projecte enfocada a solucionar&#8230; <\/p>\n","protected":false},"author":1,"featured_media":0,"parent":0,"menu_order":0,"comment_status":"closed","ping_status":"closed","template":"full-width.php","meta":{"footnotes":""},"class_list":["post-46","page","type-page","status-publish","hentry"],"_links":{"self":[{"href":"https:\/\/www.femciutatvella.com\/ca\/wp-json\/wp\/v2\/pages\/46","targetHints":{"allow":["GET"]}}],"collection":[{"href":"https:\/\/www.femciutatvella.com\/ca\/wp-json\/wp\/v2\/pages"}],"about":[{"href":"https:\/\/www.femciutatvella.com\/ca\/wp-json\/wp\/v2\/types\/page"}],"author":[{"embeddable":true,"href":"https:\/\/www.femciutatvella.com\/ca\/wp-json\/wp\/v2\/users\/1"}],"replies":[{"embeddable":true,"href":"https:\/\/www.femciutatvella.com\/ca\/wp-json\/wp\/v2\/comments?post=46"}],"version-history":[{"count":18,"href":"https:\/\/www.femciutatvella.com\/ca\/wp-json\/wp\/v2\/pages\/46\/revisions"}],"predecessor-version":[{"id":251,"href":"https:\/\/www.femciutatvella.com\/ca\/wp-json\/wp\/v2\/pages\/46\/revisions\/251"}],"wp:attachment":[{"href":"https:\/\/www.femciutatvella.com\/ca\/wp-json\/wp\/v2\/media?parent=46"}],"curies":[{"name":"wp","href":"https:\/\/api.w.org\/{rel}","templated":true}]}}