{"id":48,"date":"2017-02-10T19:00:24","date_gmt":"2017-02-10T18:00:24","guid":{"rendered":"http:\/\/www.femciutatvella.com\/?page_id=48"},"modified":"2017-12-16T12:23:15","modified_gmt":"2017-12-16T11:23:15","slug":"otros","status":"publish","type":"page","link":"https:\/\/www.femciutatvella.com\/ca\/otros\/","title":{"rendered":"Editorial \/ FCV Opina"},"content":{"rendered":"<p><\/p>\n<p style=\"text-align: center;\"><strong><u>Ciutats per a les persones &#8211; Ciutats per a qui les habita<\/u><\/strong><\/p>\n<p><strong>El ciutad\u00e0 \u00e9s el primer gestor de la ciutat i la construcci\u00f3 d&#8217;aquesta ha d&#8217;estar fonamentada en la satisfacci\u00f3 de les necessitats de la ciutadania.<\/strong><\/p>\n<p><strong>L&#8217;important \u00e9s buscar l&#8217;equilibri entre la implementaci\u00f3 dels aven\u00e7os resultants del coneixement cient\u00edfic i les seves possibles conseq\u00fc\u00e8ncies negatives sobre la vida de les persones i altres \u00e9ssers vius. Un equilibri que ha de basar-se, de nou, en l&#8217;an\u00e0lisi de cost \/ benefici (sostenibilitat), per\u00f2 tamb\u00e9 en una adaptaci\u00f3 progressiva als canvis que la societat i els ecosistemes demanden. Un equilibri, tamb\u00e9, en la relaci\u00f3 de forces entre els agents p\u00fablics i privats que defineixen i desenvolupen els mecanismes de poder en cada moment hist\u00f2ric. En definitiva, una pol\u00edtica basada en acords estables, basats en aven\u00e7os t\u00e8cnics i cient\u00edfics, que permetin un progr\u00e9s a mitj\u00e0 i llarg termini de la vida a les ciutats.<\/strong><\/p>\n<p style=\"text-align: right;\"><strong>Del pr\u00f2leg del Llibre CIUTATS PER A LES PERSONES, Escenaris de vida<\/strong><\/p>\n<p style=\"text-align: right;\"><strong>Ramon Folch -Doctor en Biologia, socioec\u00f2leg.<\/strong><\/p>\n<p><strong>\u00a0<\/strong><\/p>\n<p><strong><u>Ciutat per a les persones<\/u><\/strong><\/p>\n<p><strong>S&#8217;ha dit molt sobre les ciutats com a &#8220;motor&#8221; del desenvolupament, per\u00f2 generalment aix\u00f2 s&#8217;ent\u00e9n en un sentit restringit a conceptes m\u00e9s aviat econ\u00f2mics.<\/strong><\/p>\n<p><strong>Efectivament, les ciutats poden ser molt beneficioses ja que s\u00f3n llocs d&#8217;intercanvi on uns poden aportar les seves capacitats i rebre-dels altres.<\/strong><\/p>\n<p><strong>No obstant aix\u00f2, no sempre aix\u00f2 es percep aix\u00ed. A vegades s&#8217;oblida que la mesura de la qualitat d&#8217;una ciutat \u00e9s la qualitat de vida de tots els seus habitants.<\/strong><\/p>\n<p><strong>Ciutats m\u00e9s igualit\u00e0ries i amb m\u00e9s qualitat de vida per als qui les habiten.<\/strong><\/p>\n<p><strong>El que busquem \u00e9s una ciutat en qu\u00e8 tots els seus habitants puguin gaudir dels beneficis que porta el viure en ella.<\/strong><\/p>\n<p><strong>Alguns dels aspectes sobre els quals cal treballar s\u00f3n:<\/strong><\/p>\n<p><strong>&#8211; <u>Ciutat inclusiva<\/u>, on cada persona senti que la ciutat li pertany i que ella pertany a la ciutat. Una ciutat on ens sentim forasters \u00e9s una ciutat que no contribueix al creixement de cada un.<\/strong><\/p>\n<p><strong>&#8211; <u>Ciutat en harmonia amb el seu medi<\/u>, necessari fer sostenible el sistema urb\u00e0.<\/strong><\/p>\n<p><strong>&#8211; <u>Ciutat eficient<\/u>, imprescindible prendre mesures per incentivar l&#8217;efici\u00e8ncia de la ciutat. Els seus recursos, ..<\/strong><\/p>\n<p><strong>&#8211; <u>Institucionalitat i governan\u00e7a<\/u>, on es pugui obtenir el m\u00e0xim consens sobre el tipus de desenvolupament de la ciutat, districte o barri.<\/strong><\/p>\n<p><strong>&#8211; <u>Urg\u00e8ncia,<\/u> Es requereix una ciutat on les decisions es puguin prendre en el nivell m\u00e9s pr\u00f2xim als habitants.<\/strong><\/p>\n<p><strong>&#8211; <u>Assumir comprom\u00eds<\/u>, vital el comprom\u00eds de tots per gaudir de la nostra ciutat.<\/strong><\/p>","protected":false},"excerpt":{"rendered":"<p>Ciutats per a les persones &#8211; Ciutats per a qui les habita El ciutad\u00e0 \u00e9s el primer gestor de la ciutat i la construcci\u00f3 d&#8217;aquesta ha d&#8217;estar fonamentada en la satisfacci\u00f3 de les necessitats de la ciutadania. L&#8217;important \u00e9s buscar l&#8217;equilibri entre la implementaci\u00f3 dels aven\u00e7os resultants del coneixement cient\u00edfic i les seves possibles conseq\u00fc\u00e8ncies&#8230; <\/p>\n","protected":false},"author":1,"featured_media":0,"parent":0,"menu_order":0,"comment_status":"closed","ping_status":"closed","template":"full-width.php","meta":{"footnotes":""},"class_list":["post-48","page","type-page","status-publish","hentry"],"_links":{"self":[{"href":"https:\/\/www.femciutatvella.com\/ca\/wp-json\/wp\/v2\/pages\/48","targetHints":{"allow":["GET"]}}],"collection":[{"href":"https:\/\/www.femciutatvella.com\/ca\/wp-json\/wp\/v2\/pages"}],"about":[{"href":"https:\/\/www.femciutatvella.com\/ca\/wp-json\/wp\/v2\/types\/page"}],"author":[{"embeddable":true,"href":"https:\/\/www.femciutatvella.com\/ca\/wp-json\/wp\/v2\/users\/1"}],"replies":[{"embeddable":true,"href":"https:\/\/www.femciutatvella.com\/ca\/wp-json\/wp\/v2\/comments?post=48"}],"version-history":[{"count":8,"href":"https:\/\/www.femciutatvella.com\/ca\/wp-json\/wp\/v2\/pages\/48\/revisions"}],"predecessor-version":[{"id":276,"href":"https:\/\/www.femciutatvella.com\/ca\/wp-json\/wp\/v2\/pages\/48\/revisions\/276"}],"wp:attachment":[{"href":"https:\/\/www.femciutatvella.com\/ca\/wp-json\/wp\/v2\/media?parent=48"}],"curies":[{"name":"wp","href":"https:\/\/api.w.org\/{rel}","templated":true}]}}